{"id":24,"date":"2021-05-19T12:52:31","date_gmt":"2021-05-19T10:52:31","guid":{"rendered":"https:\/\/a-w-a.dk\/en\/?page_id=24"},"modified":"2026-02-28T06:10:32","modified_gmt":"2026-02-28T05:10:32","slug":"contact","status":"publish","type":"page","link":"https:\/\/a-w-a.dk\/en\/contact\/","title":{"rendered":"Contact"},"content":{"rendered":"<p><strong>Contact AWA Teambuilding \u2013 We Are Always Close to You!<\/strong><\/p>\n<p>At AWA Teambuilding, we are always ready to help you build strong teams, improve collaboration, and foster a stronger corporate culture. With our offices centrally located in Kolding, Aarhus, and Copenhagen, we are always close to our clients and ready to meet \u2013 either at your premises or at one of our inspiring locations. We believe in the value of personal interaction and greatly appreciate the opportunity to discuss your wishes, needs, and expectations face to face. That is why we are more than happy to visit your company to have a dialogue about how we can best contribute to your development and success.<\/p>\n<p>In addition to our work with innovative and creative teambuilding events, we are the proud owners of Quizboxing, located centrally on Gothersgade in Copenhagen. Quizboxing offers a unique and entertaining experience where quizzes and teamwork come together in an energetic and challenging atmosphere. This experience is ideal for social gatherings, corporate events, and private functions, where good spirits and teambuilding go hand in hand.<\/p>\n<p>We also own Timequest Escape Rooms, which is known for offering exciting and challenging escape room experiences. Here, teams are put to the test through puzzles and challenges that require collaboration, creativity, and communication to succeed. Timequest Escape Rooms can be found in multiple locations, making it easy for companies and groups to experience the thrill of escape rooms as part of their teambuilding programme.<\/p>\n<p>Our dedicated team of experts has many years of experience in creating lasting results through meaningful activities and experiences. We are committed to understanding your specific goals and needs and design each activity with a focus on your particular company. We aim to actively contribute to your success by building strong and motivated teams that perform better together.<\/p>\n<p>Contact us today if you would like to hear more about our wide range of activities or if you would like to arrange a personal meeting with us. We look forward to hearing from you and to creating outstanding and memorable moments together with your team. At AWA Teambuilding, we are always ready with creativity, dedication, and expertise, whether you are based in Kolding, Aarhus, Copenhagen, or anywhere else in the country. Let us strengthen your company together \u2013 we look forward to the collaboration!<\/p>\n","protected":false},"excerpt":{"rendered":"<p>Contact AWA Teambuilding \u2013 We Are Always Close to You! At AWA Teambuilding, we are always ready to help you build strong teams, improve collaboration, and foster a stronger corporate culture. With our offices centrally located in Kolding, Aarhus, and Copenhagen, we are always close to our clients and ready to meet \u2013 either at [&hellip;]<\/p>\n","protected":false},"author":3,"featured_media":0,"parent":0,"menu_order":0,"comment_status":"closed","ping_status":"closed","template":"","meta":{"_acf_changed":false,"inline_featured_image":false,"content-type":"","footnotes":""},"class_list":["post-24","page","type-page","status-publish","hentry"],"acf":[],"yoast_head":"<!-- This site is optimized with the Yoast SEO Premium plugin v26.1 (Yoast SEO v26.8) - https:\/\/yoast.com\/product\/yoast-seo-premium-wordpress\/ -->\n<title>F\u00e5 tilbud og priser p\u00e5 vores teambuilding | Kontakt os her<\/title>\n<meta name=\"description\" content=\"Kontakt os, hvis du har sp\u00f8rgsm\u00e5l eller \u00f8nsker et konkret tilbud p\u00e5 teambuilding i K\u00f8benhavn, Jylland osv. Vi har DK&#039;s bedste teambuilding!\" \/>\n<meta name=\"robots\" content=\"index, follow, max-snippet:-1, max-image-preview:large, max-video-preview:-1\" \/>\n<link rel=\"canonical\" href=\"https:\/\/a-w-a.dk\/en\/contact\/\" \/>\n<meta property=\"og:locale\" content=\"en_US\" \/>\n<meta property=\"og:type\" content=\"article\" \/>\n<meta property=\"og:title\" content=\"Contact\" \/>\n<meta property=\"og:description\" content=\"Kontakt os, hvis du har sp\u00f8rgsm\u00e5l eller \u00f8nsker et konkret tilbud p\u00e5 teambuilding i K\u00f8benhavn, Jylland osv. Vi har DK&#039;s bedste teambuilding!\" \/>\n<meta property=\"og:url\" content=\"https:\/\/a-w-a.dk\/en\/contact\/\" \/>\n<meta property=\"og:site_name\" content=\"AWA Team building EN\" \/>\n<meta property=\"article:modified_time\" content=\"2026-02-28T05:10:32+00:00\" \/>\n<meta name=\"twitter:card\" content=\"summary_large_image\" \/>\n<meta name=\"twitter:label1\" content=\"Est. reading time\" \/>\n\t<meta name=\"twitter:data1\" content=\"2 minutes\" \/>\n<script type=\"application\/ld+json\" class=\"yoast-schema-graph\">{\"@context\":\"https:\/\/schema.org\",\"@graph\":[{\"@type\":\"WebPage\",\"@id\":\"https:\/\/a-w-a.dk\/en\/contact\/\",\"url\":\"https:\/\/a-w-a.dk\/en\/contact\/\",\"name\":\"F\u00e5 tilbud og priser p\u00e5 vores teambuilding | Kontakt os her\",\"isPartOf\":{\"@id\":\"https:\/\/a-w-a.dk\/en\/#website\"},\"datePublished\":\"2021-05-19T10:52:31+00:00\",\"dateModified\":\"2026-02-28T05:10:32+00:00\",\"description\":\"Kontakt os, hvis du har sp\u00f8rgsm\u00e5l eller \u00f8nsker et konkret tilbud p\u00e5 teambuilding i K\u00f8benhavn, Jylland osv. Vi har DK's bedste teambuilding!\",\"breadcrumb\":{\"@id\":\"https:\/\/a-w-a.dk\/en\/contact\/#breadcrumb\"},\"inLanguage\":\"en-US\",\"potentialAction\":[{\"@type\":\"ReadAction\",\"target\":[\"https:\/\/a-w-a.dk\/en\/contact\/\"]}]},{\"@type\":\"BreadcrumbList\",\"@id\":\"https:\/\/a-w-a.dk\/en\/contact\/#breadcrumb\",\"itemListElement\":[{\"@type\":\"ListItem\",\"position\":1,\"name\":\"Home\",\"item\":\"https:\/\/a-w-a.dk\/en\/\"},{\"@type\":\"ListItem\",\"position\":2,\"name\":\"Contact\"}]},{\"@type\":\"WebSite\",\"@id\":\"https:\/\/a-w-a.dk\/en\/#website\",\"url\":\"https:\/\/a-w-a.dk\/en\/\",\"name\":\"AWA Team building EN\",\"description\":\"Teambuilding and Corporate Events in Copenhagen\",\"potentialAction\":[{\"@type\":\"SearchAction\",\"target\":{\"@type\":\"EntryPoint\",\"urlTemplate\":\"https:\/\/a-w-a.dk\/en\/?s={search_term_string}\"},\"query-input\":{\"@type\":\"PropertyValueSpecification\",\"valueRequired\":true,\"valueName\":\"search_term_string\"}}],\"inLanguage\":\"en-US\"}]}<\/script>\n<!-- \/ Yoast SEO Premium plugin. -->","yoast_head_json":{"title":"F\u00e5 tilbud og priser p\u00e5 vores teambuilding | Kontakt os her","description":"Kontakt os, hvis du har sp\u00f8rgsm\u00e5l eller \u00f8nsker et konkret tilbud p\u00e5 teambuilding i K\u00f8benhavn, Jylland osv. Vi har DK's bedste teambuilding!","robots":{"index":"index","follow":"follow","max-snippet":"max-snippet:-1","max-image-preview":"max-image-preview:large","max-video-preview":"max-video-preview:-1"},"canonical":"https:\/\/a-w-a.dk\/en\/contact\/","og_locale":"en_US","og_type":"article","og_title":"Contact","og_description":"Kontakt os, hvis du har sp\u00f8rgsm\u00e5l eller \u00f8nsker et konkret tilbud p\u00e5 teambuilding i K\u00f8benhavn, Jylland osv. Vi har DK's bedste teambuilding!","og_url":"https:\/\/a-w-a.dk\/en\/contact\/","og_site_name":"AWA Team building EN","article_modified_time":"2026-02-28T05:10:32+00:00","twitter_card":"summary_large_image","twitter_misc":{"Est. reading time":"2 minutes"},"schema":{"@context":"https:\/\/schema.org","@graph":[{"@type":"WebPage","@id":"https:\/\/a-w-a.dk\/en\/contact\/","url":"https:\/\/a-w-a.dk\/en\/contact\/","name":"F\u00e5 tilbud og priser p\u00e5 vores teambuilding | Kontakt os her","isPartOf":{"@id":"https:\/\/a-w-a.dk\/en\/#website"},"datePublished":"2021-05-19T10:52:31+00:00","dateModified":"2026-02-28T05:10:32+00:00","description":"Kontakt os, hvis du har sp\u00f8rgsm\u00e5l eller \u00f8nsker et konkret tilbud p\u00e5 teambuilding i K\u00f8benhavn, Jylland osv. Vi har DK's bedste teambuilding!","breadcrumb":{"@id":"https:\/\/a-w-a.dk\/en\/contact\/#breadcrumb"},"inLanguage":"en-US","potentialAction":[{"@type":"ReadAction","target":["https:\/\/a-w-a.dk\/en\/contact\/"]}]},{"@type":"BreadcrumbList","@id":"https:\/\/a-w-a.dk\/en\/contact\/#breadcrumb","itemListElement":[{"@type":"ListItem","position":1,"name":"Home","item":"https:\/\/a-w-a.dk\/en\/"},{"@type":"ListItem","position":2,"name":"Contact"}]},{"@type":"WebSite","@id":"https:\/\/a-w-a.dk\/en\/#website","url":"https:\/\/a-w-a.dk\/en\/","name":"AWA Team building EN","description":"Teambuilding and Corporate Events in Copenhagen","potentialAction":[{"@type":"SearchAction","target":{"@type":"EntryPoint","urlTemplate":"https:\/\/a-w-a.dk\/en\/?s={search_term_string}"},"query-input":{"@type":"PropertyValueSpecification","valueRequired":true,"valueName":"search_term_string"}}],"inLanguage":"en-US"}]}},"_links":{"self":[{"href":"https:\/\/a-w-a.dk\/en\/wp-json\/wp\/v2\/pages\/24","targetHints":{"allow":["GET"]}}],"collection":[{"href":"https:\/\/a-w-a.dk\/en\/wp-json\/wp\/v2\/pages"}],"about":[{"href":"https:\/\/a-w-a.dk\/en\/wp-json\/wp\/v2\/types\/page"}],"author":[{"embeddable":true,"href":"https:\/\/a-w-a.dk\/en\/wp-json\/wp\/v2\/users\/3"}],"replies":[{"embeddable":true,"href":"https:\/\/a-w-a.dk\/en\/wp-json\/wp\/v2\/comments?post=24"}],"version-history":[{"count":16,"href":"https:\/\/a-w-a.dk\/en\/wp-json\/wp\/v2\/pages\/24\/revisions"}],"predecessor-version":[{"id":2982,"href":"https:\/\/a-w-a.dk\/en\/wp-json\/wp\/v2\/pages\/24\/revisions\/2982"}],"wp:attachment":[{"href":"https:\/\/a-w-a.dk\/en\/wp-json\/wp\/v2\/media?parent=24"}],"curies":[{"name":"wp","href":"https:\/\/api.w.org\/{rel}","templated":true}]}}